{"id":75,"date":"2017-10-26T11:18:29","date_gmt":"2017-10-26T09:18:29","guid":{"rendered":"http:\/\/pwtomex1.pl\/?page_id=75"},"modified":"2017-11-02T11:08:00","modified_gmt":"2017-11-02T10:08:00","slug":"fotele","status":"publish","type":"page","link":"https:\/\/pwtomex1.pl\/?page_id=75","title":{"rendered":"FOTELE"},"content":{"rendered":"<p><\/br><br \/>\n<span style=\"font-size: 16px;\">Doskona\u0142ym uzupe\u0142nieniem naszych naro\u017cnik\u00f3w i sof s\u0105 fotele.\u00a0Modele dostosowane\u00a0s\u0105 do kanap,sof i naro\u017cnik\u00f3w.<\/span><\/p>\n<p><span style=\"font-size: 16px;\">Wygodne,estetyczne i funkcjonalne b\u0119d\u0105 ozdob\u0105 ka\u017cdego wn\u0119trza.<\/span><br \/>\n<\/br><br \/>\n<div id=\"envira-gallery-wrap-125\" class=\"envira-gallery-wrap envira-gallery-theme-base envira-lightbox-theme-base\" itemscope itemtype=\"https:\/\/schema.org\/ImageGallery\"><div data-row-height=\"\" data-gallery-theme=\"\" id=\"envira-gallery-125\" class=\"envira-gallery-public  envira-gallery-5-columns envira-clear enviratope envira-gallery-css-animations\" data-envira-columns=\"5\"><div id=\"envira-gallery-item-126\" class=\"envira-gallery-item enviratope-item envira-gallery-item-1 envira-lazy-load\" style=\"padding-left: 8px; padding-bottom: 15px; padding-right: 8px;\"  itemscope itemtype=\"https:\/\/schema.org\/ImageObject\"><div class=\"envira-gallery-item-inner\"><div class=\"envira-gallery-position-overlay  envira-gallery-top-left\"><\/div><div class=\"envira-gallery-position-overlay  envira-gallery-top-right\"><\/div><div class=\"envira-gallery-position-overlay  envira-gallery-bottom-left\"><\/div><div class=\"envira-gallery-position-overlay  envira-gallery-bottom-right\"><\/div><a href=\"http:\/\/pwtomex1.pl\/wp-content\/uploads\/2017\/10\/1.jpg\" class=\"envira-gallery-125 envira-gallery-link\" rel=\"enviragallery125\" title=\"1\" data-envira-caption=\"1\" data-envira-retina=\"\" data-thumbnail=\"\"  itemprop=\"contentUrl\"><div class=\"envira-lazy\" data-test-width=\"640\" data-test-height=\"480\" style=\"padding-bottom:75%;\"><img decoding=\"async\" id=\"envira-gallery-image-126\" class=\"envira-gallery-image envira-gallery-image-1\" data-envira-index=\"1\" src=\"https:\/\/pwtomex1.pl\/wp-content\/uploads\/2017\/10\/1-640x480_c.jpg\" data-envira-src=\"https:\/\/pwtomex1.pl\/wp-content\/uploads\/2017\/10\/1-640x480_c.jpg\" data-envira-gallery-id=\"125\" data-envira-item-id=\"126\" data-envira-caption=\"1\" alt=\"\" title=\"1\"  itemprop=\"thumbnailUrl\" data-envira-srcset=\"https:\/\/pwtomex1.pl\/wp-content\/uploads\/2017\/10\/1-640x480_c.jpg 400w,https:\/\/pwtomex1.pl\/wp-content\/uploads\/2017\/10\/1-640x480_c.jpg 2x\" srcset=\"data:image\/gif;base64,R0lGODlhAQABAIAAAP\/\/\/\/\/\/\/yH5BAEKAAEALAAAAAABAAEAAAICTAEAOw==\" \/><\/div><\/a><\/div><\/div><div id=\"envira-gallery-item-127\" class=\"envira-gallery-item enviratope-item envira-gallery-item-2 envira-lazy-load\" style=\"padding-left: 8px; padding-bottom: 15px; padding-right: 8px;\"  itemscope itemtype=\"https:\/\/schema.org\/ImageObject\"><div class=\"envira-gallery-item-inner\"><div class=\"envira-gallery-position-overlay  envira-gallery-top-left\"><\/div><div class=\"envira-gallery-position-overlay  envira-gallery-top-right\"><\/div><div class=\"envira-gallery-position-overlay  envira-gallery-bottom-left\"><\/div><div class=\"envira-gallery-position-overlay  envira-gallery-bottom-right\"><\/div><a href=\"http:\/\/pwtomex1.pl\/wp-content\/uploads\/2017\/10\/2.jpg\" class=\"envira-gallery-125 envira-gallery-link\" rel=\"enviragallery125\" title=\"2\" data-envira-caption=\"2\" data-envira-retina=\"\" data-thumbnail=\"\"  itemprop=\"contentUrl\"><div class=\"envira-lazy\" data-test-width=\"640\" data-test-height=\"480\" style=\"padding-bottom:75%;\"><img decoding=\"async\" id=\"envira-gallery-image-127\" class=\"envira-gallery-image envira-gallery-image-2\" data-envira-index=\"2\" src=\"https:\/\/pwtomex1.pl\/wp-content\/uploads\/2017\/10\/2-640x480_c.jpg\" data-envira-src=\"https:\/\/pwtomex1.pl\/wp-content\/uploads\/2017\/10\/2-640x480_c.jpg\" data-envira-gallery-id=\"125\" data-envira-item-id=\"127\" data-envira-caption=\"2\" alt=\"\" title=\"2\"  itemprop=\"thumbnailUrl\" data-envira-srcset=\"https:\/\/pwtomex1.pl\/wp-content\/uploads\/2017\/10\/2-640x480_c.jpg 400w,https:\/\/pwtomex1.pl\/wp-content\/uploads\/2017\/10\/2-640x480_c.jpg 2x\" srcset=\"data:image\/gif;base64,R0lGODlhAQABAIAAAP\/\/\/\/\/\/\/yH5BAEKAAEALAAAAAABAAEAAAICTAEAOw==\" \/><\/div><\/a><\/div><\/div><div id=\"envira-gallery-item-128\" class=\"envira-gallery-item enviratope-item envira-gallery-item-3 envira-lazy-load\" style=\"padding-left: 8px; padding-bottom: 15px; padding-right: 8px;\"  itemscope itemtype=\"https:\/\/schema.org\/ImageObject\"><div class=\"envira-gallery-item-inner\"><div class=\"envira-gallery-position-overlay  envira-gallery-top-left\"><\/div><div class=\"envira-gallery-position-overlay  envira-gallery-top-right\"><\/div><div class=\"envira-gallery-position-overlay  envira-gallery-bottom-left\"><\/div><div class=\"envira-gallery-position-overlay  envira-gallery-bottom-right\"><\/div><a href=\"http:\/\/pwtomex1.pl\/wp-content\/uploads\/2017\/10\/3.jpg\" class=\"envira-gallery-125 envira-gallery-link\" rel=\"enviragallery125\" title=\"3\" data-envira-caption=\"3\" data-envira-retina=\"\" data-thumbnail=\"\"  itemprop=\"contentUrl\"><div class=\"envira-lazy\" data-test-width=\"640\" data-test-height=\"480\" style=\"padding-bottom:75%;\"><img decoding=\"async\" id=\"envira-gallery-image-128\" class=\"envira-gallery-image envira-gallery-image-3\" data-envira-index=\"3\" src=\"https:\/\/pwtomex1.pl\/wp-content\/uploads\/2017\/10\/3-640x480_c.jpg\" data-envira-src=\"https:\/\/pwtomex1.pl\/wp-content\/uploads\/2017\/10\/3-640x480_c.jpg\" data-envira-gallery-id=\"125\" data-envira-item-id=\"128\" data-envira-caption=\"3\" alt=\"\" title=\"3\"  itemprop=\"thumbnailUrl\" data-envira-srcset=\"https:\/\/pwtomex1.pl\/wp-content\/uploads\/2017\/10\/3-640x480_c.jpg 400w,https:\/\/pwtomex1.pl\/wp-content\/uploads\/2017\/10\/3-640x480_c.jpg 2x\" srcset=\"data:image\/gif;base64,R0lGODlhAQABAIAAAP\/\/\/\/\/\/\/yH5BAEKAAEALAAAAAABAAEAAAICTAEAOw==\" \/><\/div><\/a><\/div><\/div><\/div><\/div><noscript><img decoding=\"async\" src=\"https:\/\/pwtomex1.pl\/wp-content\/uploads\/2017\/10\/1.jpg\" alt=\"\" \/><img decoding=\"async\" src=\"https:\/\/pwtomex1.pl\/wp-content\/uploads\/2017\/10\/2.jpg\" alt=\"\" \/><img decoding=\"async\" src=\"https:\/\/pwtomex1.pl\/wp-content\/uploads\/2017\/10\/3.jpg\" alt=\"\" \/><\/noscript><\/p>\n","protected":false},"excerpt":{"rendered":"<p>Doskona\u0142ym uzupe\u0142nieniem naszych naro\u017cnik\u00f3w i sof s\u0105 fotele.\u00a0Modele dostosowane\u00a0s\u0105 do [&hellip;]<\/p>\n","protected":false},"author":1,"featured_media":0,"parent":0,"menu_order":0,"comment_status":"closed","ping_status":"closed","template":"","meta":{"footnotes":""},"_links":{"self":[{"href":"https:\/\/pwtomex1.pl\/index.php?rest_route=\/wp\/v2\/pages\/75"}],"collection":[{"href":"https:\/\/pwtomex1.pl\/index.php?rest_route=\/wp\/v2\/pages"}],"about":[{"href":"https:\/\/pwtomex1.pl\/index.php?rest_route=\/wp\/v2\/types\/page"}],"author":[{"embeddable":true,"href":"https:\/\/pwtomex1.pl\/index.php?rest_route=\/wp\/v2\/users\/1"}],"replies":[{"embeddable":true,"href":"https:\/\/pwtomex1.pl\/index.php?rest_route=%2Fwp%2Fv2%2Fcomments&post=75"}],"version-history":[{"count":8,"href":"https:\/\/pwtomex1.pl\/index.php?rest_route=\/wp\/v2\/pages\/75\/revisions"}],"predecessor-version":[{"id":210,"href":"https:\/\/pwtomex1.pl\/index.php?rest_route=\/wp\/v2\/pages\/75\/revisions\/210"}],"wp:attachment":[{"href":"https:\/\/pwtomex1.pl\/index.php?rest_route=%2Fwp%2Fv2%2Fmedia&parent=75"}],"curies":[{"name":"wp","href":"https:\/\/api.w.org\/{rel}","templated":true}]}}