{"id":9,"date":"2013-06-18T15:20:07","date_gmt":"2013-06-18T13:20:07","guid":{"rendered":"http:\/\/masterart.com.pl\/?page_id=9"},"modified":"2017-10-26T11:24:16","modified_gmt":"2017-10-26T09:24:16","slug":"kontakt","status":"publish","type":"page","link":"https:\/\/pwtomex1.pl\/?page_id=9","title":{"rendered":"KONTAKT"},"content":{"rendered":"<div class=\"row \"><div class=\"col-lg-6 col-md-12 col-xs-12 col-sm-12\"><\/p>\n<p><strong>Przedsi\u0119biorstwo Wielobran\u017cowe Tomex<br \/>\nPiekielny Tomasz<\/strong><\/p>\n<p><strong>\u017bd\u017cary 216<br \/>\n<\/strong><strong>98-430 Boles\u0142awiec\u00a0<\/strong><\/p>\n<p><strong>Telefon: +48 607 970 161<br \/>\n<\/strong><strong>e-mail: <\/strong><a href=\"mailto:pwtomex1@onet.pl\"><strong>pwtomex1@onet.pl<\/strong><\/a><\/p>\n<p><strong>Staramy si\u0119 udziela\u0107 wyczerpuj\u0105cych odpowiedzi na wszystkie pytania.<\/strong><\/div>\n<div class=\"col-lg-6 col-md-12 col-xs-12 col-sm-12\">\n<iframe loading=\"lazy\" src=\"https:\/\/www.google.com\/maps\/embed?pb=!1m18!1m12!1m3!1d10000.154837038946!2d18.183749873922295!3d51.199938398574446!2m3!1f0!2f0!3f0!3m2!1i1024!2i768!4f13.1!3m3!1m2!1s0x471077510a1db83b%3A0x88ebeb49e0db89a2!2s98-430+Boles%C5%82awiec!5e0!3m2!1spl!2spl!4v1509009784299\" width=\"450\" height=\"300\" frameborder=\"0\" style=\"border:0\" allowfullscreen><\/iframe><\/div>\n<\/div>\n","protected":false},"excerpt":{"rendered":"","protected":false},"author":1,"featured_media":0,"parent":0,"menu_order":0,"comment_status":"open","ping_status":"open","template":"","meta":{"footnotes":""},"_links":{"self":[{"href":"https:\/\/pwtomex1.pl\/index.php?rest_route=\/wp\/v2\/pages\/9"}],"collection":[{"href":"https:\/\/pwtomex1.pl\/index.php?rest_route=\/wp\/v2\/pages"}],"about":[{"href":"https:\/\/pwtomex1.pl\/index.php?rest_route=\/wp\/v2\/types\/page"}],"author":[{"embeddable":true,"href":"https:\/\/pwtomex1.pl\/index.php?rest_route=\/wp\/v2\/users\/1"}],"replies":[{"embeddable":true,"href":"https:\/\/pwtomex1.pl\/index.php?rest_route=%2Fwp%2Fv2%2Fcomments&post=9"}],"version-history":[{"count":5,"href":"https:\/\/pwtomex1.pl\/index.php?rest_route=\/wp\/v2\/pages\/9\/revisions"}],"predecessor-version":[{"id":81,"href":"https:\/\/pwtomex1.pl\/index.php?rest_route=\/wp\/v2\/pages\/9\/revisions\/81"}],"wp:attachment":[{"href":"https:\/\/pwtomex1.pl\/index.php?rest_route=%2Fwp%2Fv2%2Fmedia&parent=9"}],"curies":[{"name":"wp","href":"https:\/\/api.w.org\/{rel}","templated":true}]}}